{"id":68,"date":"2023-12-20T12:26:50","date_gmt":"2023-12-20T12:26:50","guid":{"rendered":"https:\/\/autokton.fi\/?page_id=68"},"modified":"2025-04-18T18:56:36","modified_gmt":"2025-04-18T15:56:36","slug":"be-our-member","status":"publish","type":"page","link":"https:\/\/autokton.fi\/?page_id=68","title":{"rendered":"CONTACT"},"content":{"rendered":"\t\t<div data-elementor-type=\"wp-page\" data-elementor-id=\"68\" class=\"elementor elementor-68\">\n\t\t\t\t\t\t\t<div class=\"elementor-element elementor-element-d58a96e e-flex e-con-boxed e-con e-parent\" data-id=\"d58a96e\" data-element_type=\"container\" data-settings=\"{&quot;content_width&quot;:&quot;boxed&quot;}\" data-core-v316-plus=\"true\">\n\t\t\t\t\t<div class=\"e-con-inner\">\n\t\t\t\t<div class=\"elementor-element elementor-element-f99bc9d elementor-widget elementor-widget-image\" data-id=\"f99bc9d\" data-element_type=\"widget\" data-widget_type=\"image.default\">\n\t\t\t\t<div class=\"elementor-widget-container\">\n\t\t\t<style>\/*! elementor - v3.18.0 - 20-12-2023 *\/\n.elementor-widget-image{text-align:center}.elementor-widget-image a{display:inline-block}.elementor-widget-image a img[src$=\".svg\"]{width:48px}.elementor-widget-image img{vertical-align:middle;display:inline-block}<\/style>\t\t\t\t\t\t\t\t\t\t\t\t<img fetchpriority=\"high\" decoding=\"async\" width=\"1024\" height=\"256\" src=\"https:\/\/autokton.fi\/wp-content\/uploads\/2023\/12\/Retro-Sparkles-GIF-Google-Classroom-Header-1024x256.gif\" class=\"attachment-large size-large wp-image-158\" alt=\"\" srcset=\"https:\/\/autokton.fi\/wp-content\/uploads\/2023\/12\/Retro-Sparkles-GIF-Google-Classroom-Header-1024x256.gif 1024w, https:\/\/autokton.fi\/wp-content\/uploads\/2023\/12\/Retro-Sparkles-GIF-Google-Classroom-Header-300x75.gif 300w, https:\/\/autokton.fi\/wp-content\/uploads\/2023\/12\/Retro-Sparkles-GIF-Google-Classroom-Header-768x192.gif 768w, https:\/\/autokton.fi\/wp-content\/uploads\/2023\/12\/Retro-Sparkles-GIF-Google-Classroom-Header-1536x384.gif 1536w, https:\/\/autokton.fi\/wp-content\/uploads\/2023\/12\/Retro-Sparkles-GIF-Google-Classroom-Header-600x150.gif 600w\" sizes=\"(max-width: 1024px) 100vw, 1024px\" \/>\t\t\t\t\t\t\t\t\t\t\t\t\t\t\t<\/div>\n\t\t\t\t<\/div>\n\t\t\t\t\t<\/div>\n\t\t\t\t<\/div>\n\t\t<div class=\"elementor-element elementor-element-58a587b e-flex e-con-boxed e-con e-parent\" data-id=\"58a587b\" data-element_type=\"container\" data-settings=\"{&quot;content_width&quot;:&quot;boxed&quot;}\" data-core-v316-plus=\"true\">\n\t\t\t\t\t<div class=\"e-con-inner\">\n\t\t\t\t<div class=\"elementor-element elementor-element-0e44d60 elementor-widget__width-inherit elementor-invisible elementor-widget elementor-widget-heading\" data-id=\"0e44d60\" data-element_type=\"widget\" data-settings=\"{&quot;_animation&quot;:&quot;pulse&quot;}\" data-widget_type=\"heading.default\">\n\t\t\t\t<div class=\"elementor-widget-container\">\n\t\t\t<style>\/*! elementor - v3.18.0 - 20-12-2023 *\/\n.elementor-heading-title{padding:0;margin:0;line-height:1}.elementor-widget-heading .elementor-heading-title[class*=elementor-size-]>a{color:inherit;font-size:inherit;line-height:inherit}.elementor-widget-heading .elementor-heading-title.elementor-size-small{font-size:15px}.elementor-widget-heading .elementor-heading-title.elementor-size-medium{font-size:19px}.elementor-widget-heading .elementor-heading-title.elementor-size-large{font-size:29px}.elementor-widget-heading .elementor-heading-title.elementor-size-xl{font-size:39px}.elementor-widget-heading .elementor-heading-title.elementor-size-xxl{font-size:59px}<\/style><h2 class=\"elementor-heading-title elementor-size-default\"><a href=\"https:\/\/docs.google.com\/forms\/d\/e\/1FAIpQLSdozXGT0U29pkpVJaXrU8ZyC6zSMYoNcAaHgWHR17al65rhEQ\/viewform?usp=header\">--> An\u00ebtar\u00ebsohu n\u00eb shoqat\u00ebn ton\u00eb <--<\/a><\/h2>\t\t<\/div>\n\t\t\t\t<\/div>\n\t\t\t\t\t<\/div>\n\t\t\t\t<\/div>\n\t\t<div class=\"elementor-element elementor-element-64f9f69 e-flex e-con-boxed e-con e-parent\" data-id=\"64f9f69\" data-element_type=\"container\" data-settings=\"{&quot;content_width&quot;:&quot;boxed&quot;}\" data-core-v316-plus=\"true\">\n\t\t\t\t\t<div class=\"e-con-inner\">\n\t\t\t\t<div class=\"elementor-element elementor-element-4c79395 elementor-widget elementor-widget-text-editor\" data-id=\"4c79395\" data-element_type=\"widget\" data-widget_type=\"text-editor.default\">\n\t\t\t\t<div class=\"elementor-widget-container\">\n\t\t\t<style>\/*! elementor - v3.18.0 - 20-12-2023 *\/\n.elementor-widget-text-editor.elementor-drop-cap-view-stacked .elementor-drop-cap{background-color:#69727d;color:#fff}.elementor-widget-text-editor.elementor-drop-cap-view-framed .elementor-drop-cap{color:#69727d;border:3px solid;background-color:transparent}.elementor-widget-text-editor:not(.elementor-drop-cap-view-default) .elementor-drop-cap{margin-top:8px}.elementor-widget-text-editor:not(.elementor-drop-cap-view-default) .elementor-drop-cap-letter{width:1em;height:1em}.elementor-widget-text-editor .elementor-drop-cap{float:left;text-align:center;line-height:1;font-size:50px}.elementor-widget-text-editor .elementor-drop-cap-letter{display:inline-block}<\/style>\t\t\t\t<p class=\"\" data-start=\"268\" data-end=\"526\">Shoqata <strong data-start=\"276\" data-end=\"291\">Autokton ry<\/strong> \u00ebsht\u00eb nj\u00eb organizat\u00eb jo-fitimprur\u00ebse q\u00eb punon me p\u00ebrkushtim p\u00ebr t\u00eb mb\u00ebshtetur komunitetin shqiptar n\u00eb Finland\u00eb. Ne promovojm\u00eb p\u00ebrfshirjen, barazin\u00eb, edukimin, ruajtjen e kultur\u00ebs dhe krijimin e mund\u00ebsive p\u00ebr t\u00eb gjith\u00eb pa p\u00ebrjashtim.<\/p><p class=\"\" data-start=\"528\" data-end=\"604\">Ne besojm\u00eb n\u00eb <strong data-start=\"545\" data-end=\"569\">forc\u00ebn e komunitetit<\/strong> dhe n\u00eb at\u00eb q\u00eb nd\u00ebrtojm\u00eb s\u00eb bashku.<\/p><hr class=\"\" data-start=\"606\" data-end=\"609\" \/><p class=\"\" data-start=\"611\" data-end=\"659\"><strong data-start=\"614\" data-end=\"659\">Mb\u00ebshtetja juaj vullnetare na ndihmon t\u00eb:<\/strong><\/p><ul data-start=\"660\" data-end=\"951\"><li class=\"\" data-start=\"660\" data-end=\"724\"><p class=\"\" data-start=\"662\" data-end=\"724\">Organizojm\u00eb aktivitete falas p\u00ebr f\u00ebmij\u00eb, t\u00eb rinj dhe familje<\/p><\/li><li class=\"\" data-start=\"725\" data-end=\"789\"><p class=\"\" data-start=\"727\" data-end=\"789\">Fuqizojm\u00eb grat\u00eb dhe p\u00ebrkrahim pjes\u00ebmarrjen e tyre n\u00eb shoq\u00ebri<\/p><\/li><li class=\"\" data-start=\"790\" data-end=\"845\"><p class=\"\" data-start=\"792\" data-end=\"845\">Ruajm\u00eb dhe promovojm\u00eb gjuh\u00ebn dhe kultur\u00ebn shqiptare<\/p><\/li><li class=\"\" data-start=\"846\" data-end=\"897\"><p class=\"\" data-start=\"848\" data-end=\"897\">Ndihmojm\u00eb t\u00eb rinjt\u00eb q\u00eb jetojn\u00eb mes dy kulturave<\/p><\/li><li class=\"\" data-start=\"898\" data-end=\"951\"><p class=\"\" data-start=\"900\" data-end=\"951\">Mb\u00ebshtesim integrimin e t\u00eb sapoardhurve n\u00eb Finland\u00eb<\/p><\/li><\/ul><hr class=\"\" data-start=\"953\" data-end=\"956\" \/><p class=\"\" data-start=\"958\" data-end=\"990\"><strong data-start=\"961\" data-end=\"990\">Si mund t\u00eb na mb\u00ebshtesni?<\/strong><\/p><p class=\"\" data-start=\"992\" data-end=\"1078\">\u00c7do ndihm\u00eb, e madhe apo e vog\u00ebl, ka <strong data-start=\"1028\" data-end=\"1056\">vler\u00eb t\u00eb jasht\u00ebzakonshme<\/strong> p\u00ebr ne.<br data-start=\"1064\" data-end=\"1067\" \/>Ju mund t\u00eb:<\/p><ul data-start=\"1079\" data-end=\"1232\"><li class=\"\" data-start=\"1079\" data-end=\"1125\"><p class=\"\" data-start=\"1081\" data-end=\"1125\">Dhuroni vullnetarisht sipas mund\u00ebsis\u00eb suaj<\/p><\/li><li class=\"\" data-start=\"1126\" data-end=\"1185\"><p class=\"\" data-start=\"1128\" data-end=\"1185\">Ndani k\u00ebt\u00eb faqe me t\u00eb tjer\u00ebt q\u00eb ndajn\u00eb t\u00eb nj\u00ebjtat vlera<\/p><\/li><li class=\"\" data-start=\"1186\" data-end=\"1232\"><p class=\"\" data-start=\"1188\" data-end=\"1232\">P\u00ebrfshiheni si vullnetar n\u00eb aktivitetet tona<\/p><\/li><\/ul><hr class=\"\" data-start=\"1234\" data-end=\"1237\" \/><p class=\"\" data-start=\"1239\" data-end=\"1373\"><strong data-start=\"1242\" data-end=\"1267\">T\u00eb dh\u00ebnat p\u00ebr dhurim:<\/strong><br data-start=\"1267\" data-end=\"1270\" \/><strong>IBAN<\/strong>: FI06 1544 3000\u00a0 3373 65<br data-start=\"1335\" data-end=\"1338\" \/><strong>Mesazhi<\/strong>: <em data-start=\"1347\" data-end=\"1373\">&#8220;Dhuroj p\u00ebr Autokton ry&#8221;<\/em><\/p><p class=\"\" data-start=\"1375\" data-end=\"1423\">Faleminderit q\u00eb jeni pjes\u00eb e rrug\u00ebtimit ton\u00eb!<\/p><p class=\"\" data-start=\"1375\" data-end=\"1423\">\u00a0<\/p>\t\t\t\t\t\t<\/div>\n\t\t\t\t<\/div>\n\t\t\t\t\t<\/div>\n\t\t\t\t<\/div>\n\t\t<div class=\"elementor-element elementor-element-64e379d e-flex e-con-boxed e-con e-parent\" data-id=\"64e379d\" data-element_type=\"container\" data-settings=\"{&quot;content_width&quot;:&quot;boxed&quot;}\" data-core-v316-plus=\"true\">\n\t\t\t\t\t<div class=\"e-con-inner\">\n\t\t\t\t<div class=\"elementor-element elementor-element-8378e2e elementor-absolute elementor-widget elementor-widget-google_maps\" data-id=\"8378e2e\" data-element_type=\"widget\" data-settings=\"{&quot;_position&quot;:&quot;absolute&quot;}\" data-widget_type=\"google_maps.default\">\n\t\t\t\t<div class=\"elementor-widget-container\">\n\t\t\t<style>\/*! elementor - v3.18.0 - 20-12-2023 *\/\n.elementor-widget-google_maps .elementor-widget-container{overflow:hidden}.elementor-widget-google_maps .elementor-custom-embed{line-height:0}.elementor-widget-google_maps iframe{height:300px}<\/style>\t\t<div class=\"elementor-custom-embed\">\n\t\t\t<iframe loading=\"lazy\"\n\t\t\t\t\tsrc=\"https:\/\/maps.google.com\/maps?q=rasinkatu%204&#038;t=m&#038;z=16&#038;output=embed&#038;iwloc=near\"\n\t\t\t\t\ttitle=\"rasinkatu 4\"\n\t\t\t\t\taria-label=\"rasinkatu 4\"\n\t\t\t><\/iframe>\n\t\t<\/div>\n\t\t\t\t<\/div>\n\t\t\t\t<\/div>\n\t\t\t\t\t<\/div>\n\t\t\t\t<\/div>\n\t\t<div class=\"elementor-element elementor-element-42a95b4 e-flex e-con-boxed e-con e-parent\" data-id=\"42a95b4\" data-element_type=\"container\" data-settings=\"{&quot;content_width&quot;:&quot;boxed&quot;}\" data-core-v316-plus=\"true\">\n\t\t\t\t\t<div class=\"e-con-inner\">\n\t\t\t\t\t<\/div>\n\t\t\t\t<\/div>\n\t\t\t\t\t\t\t<\/div>\n\t\t","protected":false},"excerpt":{"rendered":"<p>&#8211;> An\u00ebtar\u00ebsohu n\u00eb shoqat\u00ebn ton\u00eb<\/p>\n","protected":false},"author":1,"featured_media":0,"parent":0,"menu_order":6,"comment_status":"closed","ping_status":"closed","template":"","meta":{"_regular_price":[],"currency_symbol":[],"_monsterinsights_skip_tracking":false,"_monsterinsights_sitenote_active":false,"_monsterinsights_sitenote_note":"","_monsterinsights_sitenote_category":0,"site-sidebar-layout":"no-sidebar","site-content-layout":"","ast-site-content-layout":"full-width-container","site-content-style":"default","site-sidebar-style":"default","ast-global-header-display":"","ast-banner-title-visibility":"","ast-main-header-display":"","ast-hfb-above-header-display":"","ast-hfb-below-header-display":"","ast-hfb-mobile-header-display":"","site-post-title":"disabled","ast-breadcrumbs-content":"","ast-featured-img":"disabled","footer-sml-layout":"","theme-transparent-header-meta":"","adv-header-id-meta":"","stick-header-meta":"","header-above-stick-meta":"","header-main-stick-meta":"","header-below-stick-meta":"","astra-migrate-meta-layouts":"default","ast-page-background-enabled":"default","ast-page-background-meta":{"desktop":{"background-color":"var(--ast-global-color-4)","background-image":"","background-repeat":"repeat","background-position":"center center","background-size":"auto","background-attachment":"scroll","background-type":"","background-media":"","overlay-type":"","overlay-color":"","overlay-gradient":""},"tablet":{"background-color":"","background-image":"","background-repeat":"repeat","background-position":"center center","background-size":"auto","background-attachment":"scroll","background-type":"","background-media":"","overlay-type":"","overlay-color":"","overlay-gradient":""},"mobile":{"background-color":"","background-image":"","background-repeat":"repeat","background-position":"center center","background-size":"auto","background-attachment":"scroll","background-type":"","background-media":"","overlay-type":"","overlay-color":"","overlay-gradient":""}},"ast-content-background-meta":{"desktop":{"background-color":"var(--ast-global-color-5)","background-image":"","background-repeat":"repeat","background-position":"center center","background-size":"auto","background-attachment":"scroll","background-type":"","background-media":"","overlay-type":"","overlay-color":"","overlay-gradient":""},"tablet":{"background-color":"var(--ast-global-color-5)","background-image":"","background-repeat":"repeat","background-position":"center center","background-size":"auto","background-attachment":"scroll","background-type":"","background-media":"","overlay-type":"","overlay-color":"","overlay-gradient":""},"mobile":{"background-color":"var(--ast-global-color-5)","background-image":"","background-repeat":"repeat","background-position":"center center","background-size":"auto","background-attachment":"scroll","background-type":"","background-media":"","overlay-type":"","overlay-color":"","overlay-gradient":""}},"footnotes":""},"aioseo_notices":[],"post_slider_layout_featured_media_urls":{"thumbnail":"","post_slider_layout_landscape_large":"","post_slider_layout_portrait_large":"","post_slider_layout_square_large":"","post_slider_layout_landscape":"","post_slider_layout_portrait":"","post_slider_layout_square":"","full":""},"jetpack_sharing_enabled":true,"_links":{"self":[{"href":"https:\/\/autokton.fi\/index.php?rest_route=\/wp\/v2\/pages\/68"}],"collection":[{"href":"https:\/\/autokton.fi\/index.php?rest_route=\/wp\/v2\/pages"}],"about":[{"href":"https:\/\/autokton.fi\/index.php?rest_route=\/wp\/v2\/types\/page"}],"author":[{"embeddable":true,"href":"https:\/\/autokton.fi\/index.php?rest_route=\/wp\/v2\/users\/1"}],"replies":[{"embeddable":true,"href":"https:\/\/autokton.fi\/index.php?rest_route=%2Fwp%2Fv2%2Fcomments&post=68"}],"version-history":[{"count":68,"href":"https:\/\/autokton.fi\/index.php?rest_route=\/wp\/v2\/pages\/68\/revisions"}],"predecessor-version":[{"id":963,"href":"https:\/\/autokton.fi\/index.php?rest_route=\/wp\/v2\/pages\/68\/revisions\/963"}],"wp:attachment":[{"href":"https:\/\/autokton.fi\/index.php?rest_route=%2Fwp%2Fv2%2Fmedia&parent=68"}],"curies":[{"name":"wp","href":"https:\/\/api.w.org\/{rel}","templated":true}]}}