{"id":106,"date":"2023-12-20T15:06:28","date_gmt":"2023-12-20T15:06:28","guid":{"rendered":"https:\/\/autokton.fi\/?page_id=106"},"modified":"2024-03-18T02:43:08","modified_gmt":"2024-03-18T00:43:08","slug":"finnish-language","status":"publish","type":"page","link":"https:\/\/autokton.fi\/?page_id=106","title":{"rendered":"FINNISH LANGUAGE"},"content":{"rendered":"\t\t<div data-elementor-type=\"wp-page\" data-elementor-id=\"106\" class=\"elementor elementor-106\">\n\t\t\t\t\t\t\t<div class=\"elementor-element elementor-element-1b293b5 e-con-full e-flex e-con e-parent\" data-id=\"1b293b5\" data-element_type=\"container\" data-settings=\"{&quot;content_width&quot;:&quot;full&quot;}\" data-core-v316-plus=\"true\">\n\t\t\t\t<div class=\"elementor-element elementor-element-edac08f elementor-widget__width-inherit elementor-widget elementor-widget-heading\" data-id=\"edac08f\" data-element_type=\"widget\" data-widget_type=\"heading.default\">\n\t\t\t\t<div class=\"elementor-widget-container\">\n\t\t\t<style>\/*! elementor - v3.18.0 - 20-12-2023 *\/\n.elementor-heading-title{padding:0;margin:0;line-height:1}.elementor-widget-heading .elementor-heading-title[class*=elementor-size-]>a{color:inherit;font-size:inherit;line-height:inherit}.elementor-widget-heading .elementor-heading-title.elementor-size-small{font-size:15px}.elementor-widget-heading .elementor-heading-title.elementor-size-medium{font-size:19px}.elementor-widget-heading .elementor-heading-title.elementor-size-large{font-size:29px}.elementor-widget-heading .elementor-heading-title.elementor-size-xl{font-size:39px}.elementor-widget-heading .elementor-heading-title.elementor-size-xxl{font-size:59px}<\/style><h2 class=\"elementor-heading-title elementor-size-default\">LEARN FINNISH  mund\u00ebsuar n\u00eb gjuh\u00ebn shqipe<\/h2>\t\t<\/div>\n\t\t\t\t<\/div>\n\t\t\t\t<\/div>\n\t\t<div class=\"elementor-element elementor-element-92a03d7 e-flex e-con-boxed e-con e-parent\" data-id=\"92a03d7\" data-element_type=\"container\" data-settings=\"{&quot;content_width&quot;:&quot;boxed&quot;}\" data-core-v316-plus=\"true\">\n\t\t\t\t\t<div class=\"e-con-inner\">\n\t\t\t\t<div class=\"elementor-element elementor-element-2d57037 elementor-widget__width-inherit elementor-widget elementor-widget-heading\" data-id=\"2d57037\" data-element_type=\"widget\" data-widget_type=\"heading.default\">\n\t\t\t\t<div class=\"elementor-widget-container\">\n\t\t\t<h3 class=\"elementor-heading-title elementor-size-large\">VERBS (Foljet)<\/h3>\t\t<\/div>\n\t\t\t\t<\/div>\n\t\t\t\t\t<\/div>\n\t\t\t\t<\/div>\n\t\t<div class=\"elementor-element elementor-element-34dcb43 e-flex e-con-boxed e-con e-parent\" data-id=\"34dcb43\" data-element_type=\"container\" data-settings=\"{&quot;content_width&quot;:&quot;boxed&quot;}\" data-core-v316-plus=\"true\">\n\t\t\t\t\t<div class=\"e-con-inner\">\n\t\t<div class=\"elementor-element elementor-element-6ffde2e e-con-full e-flex e-con e-child\" data-id=\"6ffde2e\" data-element_type=\"container\" data-settings=\"{&quot;content_width&quot;:&quot;full&quot;}\">\n\t\t\t\t<div class=\"elementor-element elementor-element-56b9cc5 elementor-widget elementor-widget-text-editor\" data-id=\"56b9cc5\" data-element_type=\"widget\" data-widget_type=\"text-editor.default\">\n\t\t\t\t<div class=\"elementor-widget-container\">\n\t\t\t<style>\/*! elementor - v3.18.0 - 20-12-2023 *\/\n.elementor-widget-text-editor.elementor-drop-cap-view-stacked .elementor-drop-cap{background-color:#69727d;color:#fff}.elementor-widget-text-editor.elementor-drop-cap-view-framed .elementor-drop-cap{color:#69727d;border:3px solid;background-color:transparent}.elementor-widget-text-editor:not(.elementor-drop-cap-view-default) .elementor-drop-cap{margin-top:8px}.elementor-widget-text-editor:not(.elementor-drop-cap-view-default) .elementor-drop-cap-letter{width:1em;height:1em}.elementor-widget-text-editor .elementor-drop-cap{float:left;text-align:center;line-height:1;font-size:50px}.elementor-widget-text-editor .elementor-drop-cap-letter{display:inline-block}<\/style>\t\t\t\t<h5><span style=\"color: #000000;\"><strong>Olla(Jam)\u00a0\u00a0\u00a0\u00a0\u00a0\u00a0\u00a0\u00a0\u00a0\u00a0\u00a0\u00a0\u00a0\u00a0\u00a0\u00a0\u00a0\u00a0\u00a0\u00a0\u00a0 <\/strong><\/span><\/h5><p><span style=\"color: #000000;\">Min\u00e4 olen\u00a0 (Une jam)<\/span><\/p><p><span style=\"color: #000000;\">Sin\u00e4 olet (Ti je)<\/span><\/p><p><span style=\"color: #000000;\">H\u00e4n on (Ai\/Ajo eshte)<\/span><\/p><p><span style=\"color: #000000;\">Me olemme (Ne jemi)<\/span><\/p><p><span style=\"color: #000000;\">Te olette (Ju jeni)<\/span><\/p><p><span style=\"color: #000000;\">He ovat (Ata\/Ato jane)<\/span><\/p>\t\t\t\t\t\t<\/div>\n\t\t\t\t<\/div>\n\t\t\t\t<\/div>\n\t\t<div class=\"elementor-element elementor-element-a6c923f e-con-full e-flex e-con e-child\" data-id=\"a6c923f\" data-element_type=\"container\" data-settings=\"{&quot;content_width&quot;:&quot;full&quot;}\">\n\t\t\t\t<div class=\"elementor-element elementor-element-bde0188 elementor-widget elementor-widget-text-editor\" data-id=\"bde0188\" data-element_type=\"widget\" data-widget_type=\"text-editor.default\">\n\t\t\t\t<div class=\"elementor-widget-container\">\n\t\t\t\t\t\t\t<h5><span style=\"color: #000000;\"><strong>Olla (Kam)<\/strong><\/span><\/h5>\n<p><span style=\"color: #000000;\">Minulla on (Une kam)<\/span><\/p>\n<p><span style=\"color: #000000;\">Sinulla on (Ti ke )<\/span><\/p>\n<p><span style=\"color: #000000;\">H\u00e4nell\u00e4 on (Ai\/Ajo ka)<\/span><\/p>\n<p><span style=\"color: #000000;\">Meill\u00e4 on (Ne kemi)<\/span><\/p>\n<p><span style=\"color: #000000;\">Teill\u00e4 on (Ju keni)<\/span><\/p>\n<p><span style=\"color: #000000;\">Heill\u00e4 on (Ata\/Ato kane)<\/span><\/p>\t\t\t\t\t\t<\/div>\n\t\t\t\t<\/div>\n\t\t\t\t<div class=\"elementor-element elementor-element-a3fd14c elementor-widget elementor-widget-text-editor\" data-id=\"a3fd14c\" data-element_type=\"widget\" data-widget_type=\"text-editor.default\">\n\t\t\t\t<div class=\"elementor-widget-container\">\n\t\t\t\t\t\t\t\t\t\t\t\t\t<\/div>\n\t\t\t\t<\/div>\n\t\t\t\t<\/div>\n\t\t<div class=\"elementor-element elementor-element-55d01b3 e-con-full e-flex e-con e-child\" data-id=\"55d01b3\" data-element_type=\"container\" data-settings=\"{&quot;content_width&quot;:&quot;full&quot;}\">\n\t\t\t\t<div class=\"elementor-element elementor-element-48bffbb elementor-widget elementor-widget-text-editor\" data-id=\"48bffbb\" data-element_type=\"widget\" data-widget_type=\"text-editor.default\">\n\t\t\t\t<div class=\"elementor-widget-container\">\n\t\t\t\t\t\t\t<h5><span style=\"color: #000000;\"><strong>Puhua (Flas)<\/strong><\/span><\/h5><p><span style=\"color: #000000;\">Min\u00e4 puhun (Une flas)<\/span><\/p><p><span style=\"color: #000000;\">Sin\u00e4 puhut (Ti flet)<\/span><\/p><p><span style=\"color: #000000;\">H\u00e4n puhuu (Ai\/Ajo flet)<\/span><\/p><p><span style=\"color: #000000;\">Me puhumme (Ne flasim)<\/span><\/p><p><span style=\"color: #000000;\">Te puhutte (Ju flisni)<\/span><\/p><p>He puhuvat (Ata\/Ato flasin)<\/p>\t\t\t\t\t\t<\/div>\n\t\t\t\t<\/div>\n\t\t\t\t<\/div>\n\t\t<div class=\"elementor-element elementor-element-886e32f e-con-full e-flex e-con e-child\" data-id=\"886e32f\" data-element_type=\"container\" data-settings=\"{&quot;content_width&quot;:&quot;full&quot;}\">\n\t\t\t\t<div class=\"elementor-element elementor-element-75db3d6 elementor-widget elementor-widget-text-editor\" data-id=\"75db3d6\" data-element_type=\"widget\" data-widget_type=\"text-editor.default\">\n\t\t\t\t<div class=\"elementor-widget-container\">\n\t\t\t\t\t\t\t<h5>Kysy\u00e4 (Pyes)<\/h5><p>Min\u00e4 kysyn (Une pyes)<\/p><p>Sin\u00e4 kysyt (Ti pyet)<\/p><p>H\u00e4n kysyy (Ai\/Ajo pyet)<\/p><p>Me kysymme (Ne pyesim)<\/p><p>Te kysytte (Ju pyesni)<\/p><p>He kysyv\u00e4t (Ata\/Ato pyesin)<\/p>\t\t\t\t\t\t<\/div>\n\t\t\t\t<\/div>\n\t\t\t\t<\/div>\n\t\t\t\t\t<\/div>\n\t\t\t\t<\/div>\n\t\t<div class=\"elementor-element elementor-element-bcdcc66 e-flex e-con-boxed e-con e-parent\" data-id=\"bcdcc66\" data-element_type=\"container\" data-settings=\"{&quot;content_width&quot;:&quot;boxed&quot;}\" data-core-v316-plus=\"true\">\n\t\t\t\t\t<div class=\"e-con-inner\">\n\t\t\t\t<div class=\"elementor-element elementor-element-9c2361c elementor-widget elementor-widget-image\" data-id=\"9c2361c\" data-element_type=\"widget\" data-widget_type=\"image.default\">\n\t\t\t\t<div class=\"elementor-widget-container\">\n\t\t\t<style>\/*! elementor - v3.18.0 - 20-12-2023 *\/\n.elementor-widget-image{text-align:center}.elementor-widget-image a{display:inline-block}.elementor-widget-image a img[src$=\".svg\"]{width:48px}.elementor-widget-image img{vertical-align:middle;display:inline-block}<\/style>\t\t\t\t\t\t\t\t\t\t\t\t<img fetchpriority=\"high\" decoding=\"async\" width=\"768\" height=\"1086\" src=\"https:\/\/autokton.fi\/wp-content\/uploads\/2024\/02\/Blue-and-Yellow-Modern-English-Course-For-Beginning-Poster-768x1086.png\" class=\"attachment-medium_large size-medium_large wp-image-789\" alt=\"\" srcset=\"https:\/\/autokton.fi\/wp-content\/uploads\/2024\/02\/Blue-and-Yellow-Modern-English-Course-For-Beginning-Poster-768x1086.png 768w, https:\/\/autokton.fi\/wp-content\/uploads\/2024\/02\/Blue-and-Yellow-Modern-English-Course-For-Beginning-Poster-212x300.png 212w, https:\/\/autokton.fi\/wp-content\/uploads\/2024\/02\/Blue-and-Yellow-Modern-English-Course-For-Beginning-Poster-724x1024.png 724w, https:\/\/autokton.fi\/wp-content\/uploads\/2024\/02\/Blue-and-Yellow-Modern-English-Course-For-Beginning-Poster-1086x1536.png 1086w, https:\/\/autokton.fi\/wp-content\/uploads\/2024\/02\/Blue-and-Yellow-Modern-English-Course-For-Beginning-Poster-1448x2048.png 1448w, https:\/\/autokton.fi\/wp-content\/uploads\/2024\/02\/Blue-and-Yellow-Modern-English-Course-For-Beginning-Poster-8x12.png 8w, https:\/\/autokton.fi\/wp-content\/uploads\/2024\/02\/Blue-and-Yellow-Modern-English-Course-For-Beginning-Poster-1320x1867.png 1320w, https:\/\/autokton.fi\/wp-content\/uploads\/2024\/02\/Blue-and-Yellow-Modern-English-Course-For-Beginning-Poster-600x849.png 600w, https:\/\/autokton.fi\/wp-content\/uploads\/2024\/02\/Blue-and-Yellow-Modern-English-Course-For-Beginning-Poster.png 1587w\" sizes=\"(max-width: 768px) 100vw, 768px\" \/>\t\t\t\t\t\t\t\t\t\t\t\t\t\t\t<\/div>\n\t\t\t\t<\/div>\n\t\t\t\t\t<\/div>\n\t\t\t\t<\/div>\n\t\t<div class=\"elementor-element elementor-element-00c3bb1 e-flex e-con-boxed e-con e-parent\" data-id=\"00c3bb1\" data-element_type=\"container\" data-settings=\"{&quot;content_width&quot;:&quot;boxed&quot;}\" data-core-v316-plus=\"true\">\n\t\t\t\t\t<div class=\"e-con-inner\">\n\t\t<div class=\"elementor-element elementor-element-0343a08 e-con-full e-flex e-con e-child\" data-id=\"0343a08\" data-element_type=\"container\" data-settings=\"{&quot;content_width&quot;:&quot;full&quot;}\">\n\t\t\t\t<\/div>\n\t\t<div class=\"elementor-element elementor-element-4bf7609 e-con-full e-flex e-con e-child\" data-id=\"4bf7609\" data-element_type=\"container\" data-settings=\"{&quot;content_width&quot;:&quot;full&quot;}\">\n\t\t\t\t<\/div>\n\t\t\t\t\t<\/div>\n\t\t\t\t<\/div>\n\t\t<div class=\"elementor-element elementor-element-3185822 e-flex e-con-boxed e-con e-parent\" data-id=\"3185822\" data-element_type=\"container\" data-settings=\"{&quot;content_width&quot;:&quot;boxed&quot;}\" data-core-v316-plus=\"true\">\n\t\t\t\t\t<div class=\"e-con-inner\">\n\t\t\t\t\t<\/div>\n\t\t\t\t<\/div>\n\t\t<div class=\"elementor-element elementor-element-83dc277 e-flex e-con-boxed e-con e-parent\" data-id=\"83dc277\" data-element_type=\"container\" data-settings=\"{&quot;content_width&quot;:&quot;boxed&quot;}\" data-core-v316-plus=\"true\">\n\t\t\t\t\t<div class=\"e-con-inner\">\n\t\t\t\t<div class=\"elementor-element elementor-element-d1aa80a elementor-widget elementor-widget-video\" data-id=\"d1aa80a\" data-element_type=\"widget\" data-settings=\"{&quot;youtube_url&quot;:&quot;https:\\\/\\\/youtu.be\\\/4wNcorBeLtA&quot;,&quot;video_type&quot;:&quot;youtube&quot;,&quot;controls&quot;:&quot;yes&quot;}\" data-widget_type=\"video.default\">\n\t\t\t\t<div class=\"elementor-widget-container\">\n\t\t\t<style>\/*! elementor - v3.18.0 - 20-12-2023 *\/\n.elementor-widget-video .elementor-widget-container{overflow:hidden;transform:translateZ(0)}.elementor-widget-video .elementor-wrapper{aspect-ratio:var(--video-aspect-ratio)}.elementor-widget-video .elementor-wrapper iframe,.elementor-widget-video .elementor-wrapper video{height:100%;width:100%;display:flex;border:none;background-color:#000}@supports not (aspect-ratio:1\/1){.elementor-widget-video .elementor-wrapper{position:relative;overflow:hidden;height:0;padding-bottom:calc(100% \/ var(--video-aspect-ratio))}.elementor-widget-video .elementor-wrapper iframe,.elementor-widget-video .elementor-wrapper video{position:absolute;top:0;right:0;bottom:0;left:0}}.elementor-widget-video .elementor-open-inline .elementor-custom-embed-image-overlay{position:absolute;top:0;right:0;bottom:0;left:0;background-size:cover;background-position:50%}.elementor-widget-video .elementor-custom-embed-image-overlay{cursor:pointer;text-align:center}.elementor-widget-video .elementor-custom-embed-image-overlay:hover .elementor-custom-embed-play i{opacity:1}.elementor-widget-video .elementor-custom-embed-image-overlay img{display:block;width:100%;aspect-ratio:var(--video-aspect-ratio);-o-object-fit:cover;object-fit:cover;-o-object-position:center center;object-position:center center}@supports not (aspect-ratio:1\/1){.elementor-widget-video .elementor-custom-embed-image-overlay{position:relative;overflow:hidden;height:0;padding-bottom:calc(100% \/ var(--video-aspect-ratio))}.elementor-widget-video .elementor-custom-embed-image-overlay img{position:absolute;top:0;right:0;bottom:0;left:0}}.elementor-widget-video .e-hosted-video .elementor-video{-o-object-fit:cover;object-fit:cover}.e-con-inner>.elementor-widget-video,.e-con>.elementor-widget-video{width:var(--container-widget-width);--flex-grow:var(--container-widget-flex-grow)}<\/style>\t\t<div class=\"elementor-wrapper elementor-open-inline\">\n\t\t\t<div class=\"elementor-video\"><\/div>\t\t<\/div>\n\t\t\t\t<\/div>\n\t\t\t\t<\/div>\n\t\t\t\t<div class=\"elementor-element elementor-element-bd46811 elementor-widget elementor-widget-video\" data-id=\"bd46811\" data-element_type=\"widget\" data-settings=\"{&quot;youtube_url&quot;:&quot;https:\\\/\\\/youtu.be\\\/VmoEdvZ-MJw&quot;,&quot;video_type&quot;:&quot;youtube&quot;,&quot;controls&quot;:&quot;yes&quot;}\" data-widget_type=\"video.default\">\n\t\t\t\t<div class=\"elementor-widget-container\">\n\t\t\t\t\t<div class=\"elementor-wrapper elementor-open-inline\">\n\t\t\t<div class=\"elementor-video\"><\/div>\t\t<\/div>\n\t\t\t\t<\/div>\n\t\t\t\t<\/div>\n\t\t\t\t\t<\/div>\n\t\t\t\t<\/div>\n\t\t<div class=\"elementor-element elementor-element-de38dc1 e-flex e-con-boxed e-con e-parent\" data-id=\"de38dc1\" data-element_type=\"container\" data-settings=\"{&quot;content_width&quot;:&quot;boxed&quot;}\" data-core-v316-plus=\"true\">\n\t\t\t\t\t<div class=\"e-con-inner\">\n\t\t\t\t<div class=\"elementor-element elementor-element-f87d552 elementor-widget elementor-widget-video\" data-id=\"f87d552\" data-element_type=\"widget\" data-settings=\"{&quot;youtube_url&quot;:&quot;https:\\\/\\\/youtu.be\\\/IP7uBLkgSbI&quot;,&quot;video_type&quot;:&quot;youtube&quot;,&quot;controls&quot;:&quot;yes&quot;}\" data-widget_type=\"video.default\">\n\t\t\t\t<div class=\"elementor-widget-container\">\n\t\t\t\t\t<div class=\"elementor-wrapper elementor-open-inline\">\n\t\t\t<div class=\"elementor-video\"><\/div>\t\t<\/div>\n\t\t\t\t<\/div>\n\t\t\t\t<\/div>\n\t\t\t\t\t<\/div>\n\t\t\t\t<\/div>\n\t\t\t\t\t\t\t<\/div>\n\t\t","protected":false},"excerpt":{"rendered":"<p>LEARN FINNISH mund\u00ebsuar n\u00eb gjuh\u00ebn shqipe VERBS (Foljet) Olla(Jam)\u00a0\u00a0\u00a0\u00a0\u00a0\u00a0\u00a0\u00a0\u00a0\u00a0\u00a0\u00a0\u00a0\u00a0\u00a0\u00a0\u00a0\u00a0\u00a0\u00a0\u00a0 Min\u00e4 olen\u00a0 (Une jam) Sin\u00e4 olet (Ti je) H\u00e4n on (Ai\/Ajo eshte) Me olemme (Ne jemi) Te olette (Ju jeni) He ovat (Ata\/Ato jane) Olla (Kam) Minulla on (Une kam) Sinulla on (Ti ke ) H\u00e4nell\u00e4 on (Ai\/Ajo ka) Meill\u00e4 on (Ne kemi) Teill\u00e4 on (Ju &hellip;<\/p>\n<p class=\"read-more\"> <a class=\"\" href=\"https:\/\/autokton.fi\/?page_id=106\"> <span class=\"screen-reader-text\">FINNISH LANGUAGE<\/span> Read More &raquo;<\/a><\/p>\n","protected":false},"author":1,"featured_media":0,"parent":0,"menu_order":4,"comment_status":"closed","ping_status":"closed","template":"","meta":{"_regular_price":[],"currency_symbol":[],"_monsterinsights_skip_tracking":false,"_monsterinsights_sitenote_active":false,"_monsterinsights_sitenote_note":"","_monsterinsights_sitenote_category":0,"site-sidebar-layout":"no-sidebar","site-content-layout":"","ast-site-content-layout":"full-width-container","site-content-style":"default","site-sidebar-style":"default","ast-global-header-display":"","ast-banner-title-visibility":"","ast-main-header-display":"","ast-hfb-above-header-display":"","ast-hfb-below-header-display":"","ast-hfb-mobile-header-display":"","site-post-title":"disabled","ast-breadcrumbs-content":"","ast-featured-img":"disabled","footer-sml-layout":"","theme-transparent-header-meta":"","adv-header-id-meta":"","stick-header-meta":"","header-above-stick-meta":"","header-main-stick-meta":"","header-below-stick-meta":"","astra-migrate-meta-layouts":"default","ast-page-background-enabled":"default","ast-page-background-meta":{"desktop":{"background-color":"var(--ast-global-color-4)","background-image":"","background-repeat":"repeat","background-position":"center center","background-size":"auto","background-attachment":"scroll","background-type":"","background-media":"","overlay-type":"","overlay-color":"","overlay-gradient":""},"tablet":{"background-color":"","background-image":"","background-repeat":"repeat","background-position":"center center","background-size":"auto","background-attachment":"scroll","background-type":"","background-media":"","overlay-type":"","overlay-color":"","overlay-gradient":""},"mobile":{"background-color":"","background-image":"","background-repeat":"repeat","background-position":"center center","background-size":"auto","background-attachment":"scroll","background-type":"","background-media":"","overlay-type":"","overlay-color":"","overlay-gradient":""}},"ast-content-background-meta":{"desktop":{"background-color":"var(--ast-global-color-5)","background-image":"","background-repeat":"repeat","background-position":"center center","background-size":"auto","background-attachment":"scroll","background-type":"","background-media":"","overlay-type":"","overlay-color":"","overlay-gradient":""},"tablet":{"background-color":"var(--ast-global-color-5)","background-image":"","background-repeat":"repeat","background-position":"center center","background-size":"auto","background-attachment":"scroll","background-type":"","background-media":"","overlay-type":"","overlay-color":"","overlay-gradient":""},"mobile":{"background-color":"var(--ast-global-color-5)","background-image":"","background-repeat":"repeat","background-position":"center center","background-size":"auto","background-attachment":"scroll","background-type":"","background-media":"","overlay-type":"","overlay-color":"","overlay-gradient":""}},"footnotes":""},"aioseo_notices":[],"post_slider_layout_featured_media_urls":{"thumbnail":"","post_slider_layout_landscape_large":"","post_slider_layout_portrait_large":"","post_slider_layout_square_large":"","post_slider_layout_landscape":"","post_slider_layout_portrait":"","post_slider_layout_square":"","full":""},"jetpack_sharing_enabled":true,"_links":{"self":[{"href":"https:\/\/autokton.fi\/index.php?rest_route=\/wp\/v2\/pages\/106"}],"collection":[{"href":"https:\/\/autokton.fi\/index.php?rest_route=\/wp\/v2\/pages"}],"about":[{"href":"https:\/\/autokton.fi\/index.php?rest_route=\/wp\/v2\/types\/page"}],"author":[{"embeddable":true,"href":"https:\/\/autokton.fi\/index.php?rest_route=\/wp\/v2\/users\/1"}],"replies":[{"embeddable":true,"href":"https:\/\/autokton.fi\/index.php?rest_route=%2Fwp%2Fv2%2Fcomments&post=106"}],"version-history":[{"count":67,"href":"https:\/\/autokton.fi\/index.php?rest_route=\/wp\/v2\/pages\/106\/revisions"}],"predecessor-version":[{"id":906,"href":"https:\/\/autokton.fi\/index.php?rest_route=\/wp\/v2\/pages\/106\/revisions\/906"}],"wp:attachment":[{"href":"https:\/\/autokton.fi\/index.php?rest_route=%2Fwp%2Fv2%2Fmedia&parent=106"}],"curies":[{"name":"wp","href":"https:\/\/api.w.org\/{rel}","templated":true}]}}